{"id":913,"date":"2021-03-18T08:48:43","date_gmt":"2021-03-18T07:48:43","guid":{"rendered":"https:\/\/312531-www.web.tornado-node.net\/?page_id=913"},"modified":"2024-10-06T12:36:33","modified_gmt":"2024-10-06T10:36:33","slug":"om-oss","status":"publish","type":"page","link":"https:\/\/highcomp.no\/no\/om-oss\/","title":{"rendered":"Om oss"},"content":{"rendered":"<section class=\"l-section wpb_row height_auto width_full\"><div class=\"l-section-h i-cf\"><div class=\"g-cols vc_row via_flex valign_top type_default stacking_default\"><div class=\"vc_col-sm-12 wpb_column vc_column_container\"><div class=\"vc_column-inner\"><div class=\"wpb_wrapper\"><div class=\"w-image align_center\"><div class=\"w-image-h\"><img decoding=\"async\" width=\"1920\" height=\"600\" src=\"https:\/\/highcomp.no\/wp-content\/uploads\/2024\/10\/highcomp-om-oss.jpg\" class=\"attachment-full size-full\" alt=\"\" loading=\"lazy\" srcset=\"https:\/\/highcomp.no\/wp-content\/uploads\/2024\/10\/highcomp-om-oss.jpg 1920w, https:\/\/highcomp.no\/wp-content\/uploads\/2024\/10\/highcomp-om-oss-300x94.jpg 300w, https:\/\/highcomp.no\/wp-content\/uploads\/2024\/10\/highcomp-om-oss-1024x320.jpg 1024w, https:\/\/highcomp.no\/wp-content\/uploads\/2024\/10\/highcomp-om-oss-150x47.jpg 150w, https:\/\/highcomp.no\/wp-content\/uploads\/2024\/10\/highcomp-om-oss-240x75.jpg 240w, https:\/\/highcomp.no\/wp-content\/uploads\/2024\/10\/highcomp-om-oss-200x63.jpg 200w, https:\/\/highcomp.no\/wp-content\/uploads\/2024\/10\/highcomp-om-oss-250x78.jpg 250w, https:\/\/highcomp.no\/wp-content\/uploads\/2024\/10\/highcomp-om-oss-800x250.jpg 800w, https:\/\/highcomp.no\/wp-content\/uploads\/2024\/10\/highcomp-om-oss-154x48.jpg 154w, https:\/\/highcomp.no\/wp-content\/uploads\/2024\/10\/highcomp-om-oss-474x148.jpg 474w, https:\/\/highcomp.no\/wp-content\/uploads\/2024\/10\/highcomp-om-oss-50x16.jpg 50w\" sizes=\"auto, (max-width: 1920px) 100vw, 1920px\" \/><\/div><\/div><\/div><\/div><\/div><\/div><\/div><\/section><section class=\"l-section wpb_row us_custom_2ae65f69 height_medium\"><div class=\"l-section-h i-cf\"><div class=\"g-cols vc_row via_flex valign_top type_default stacking_default\"><div class=\"vc_col-sm-12 wpb_column vc_column_container\"><div class=\"vc_column-inner\"><div class=\"wpb_wrapper\">[vc_custom_heading text=&raquo;OM OSS &#8211; HIGHCOMP&raquo; font_container=&raquo;tag:h1|text_align:left&raquo; use_theme_fonts=&raquo;yes&raquo;]<div class=\"ult-spacer spacer-69dd01596d01a\" data-id=\"69dd01596d01a\" data-height=\"20\" data-height-mobile=\"20\" data-height-tab=\"20\" data-height-tab-portrait=\"\" data-height-mobile-landscape=\"\" style=\"clear:both;display:block;\"><\/div><div class=\"g-cols wpb_row via_flex valign_top type_default stacking_default\"><div class=\"vc_col-sm-12 wpb_column vc_column_container\"><div class=\"vc_column-inner\"><div class=\"wpb_wrapper\"><div class=\"wpb_text_column us_custom_1f257949 read-more-white\"><div class=\"wpb_wrapper\"><p>HighComp ble etablert i v\u00e5ren 2006 og ble sl\u00e5tt sammen med <a href=\"http:\/\/csub.com\">CSUB<\/a> i 2015. I dag har vi over 230 ansatte lokalisert i Bokn og Arendal i Norge, og Klaipeda i Litauen.<\/p>\n<p>Vi designer, produserer og leverer fiskekar og gangbroer med h\u00f8y kvalitet til akvakultur industrien verden rundt. V\u00e5re l\u00f8sninger er optimaliserte til b\u00e5de land- og vannbaserte oppdrettsanlegg.<\/p>\n<p>HighComp st\u00e5r for High Quality Composite og er stolt leverand\u00f8r av Ingeni\u00f8r-, Anskaffelse- og Konstruksjonstjenester og produsent av store kompositt konstruksjoner til akvakultur-bransjen.<\/p>\n<\/div><\/div><\/div><\/div><\/div><\/div><div class=\"ult-spacer spacer-69dd01596d596\" data-id=\"69dd01596d596\" data-height=\"80\" data-height-mobile=\"80\" data-height-tab=\"80\" data-height-tab-portrait=\"\" data-height-mobile-landscape=\"\" style=\"clear:both;display:block;\"><\/div><div class=\"w-video align_center ratio_16x9 has_iframe\"><div class=\"w-video-h\"><iframe title=\"Youtube video player\" src=\"\/\/www.youtube.com\/embed\/E7ToRv5MlhM?autoplay=0&controls=0&origin=https:\/\/highcomp.no\/no\/&loop=0&mute=0\" allowfullscreen=\"1\" loading=\"lazy\"><\/iframe><\/div><\/div><\/div><\/div><\/div><\/div><\/div><\/section><section class=\"l-section wpb_row us_custom_4edece6e height_medium\"><div class=\"l-section-h i-cf\"><div class=\"g-cols vc_row via_flex valign_top type_default stacking_default\"><div class=\"vc_col-sm-12 wpb_column vc_column_container\"><div class=\"vc_column-inner\"><div class=\"wpb_wrapper\"><div id=\"ultimate-heading-130469dd01596daeb\" class=\"uvc-heading ult-adjust-bottom-margin ultimate-heading-130469dd01596daeb uvc-2495 \" data-hspacer=\"no_spacer\"  data-halign=\"left\" style=\"text-align:left\"><div class=\"uvc-heading-spacer no_spacer\" style=\"top\"><\/div><div class=\"uvc-main-heading ult-responsive\"  data-ultimate-target='.uvc-heading.ultimate-heading-130469dd01596daeb h2'  data-responsive-json-new='{\"font-size\":\"desktop:50px;tablet:34px;tablet_portrait:34px;mobile_landscape:34px;mobile:34px;\",\"line-height\":\"desktop:65px;tablet:40px;tablet_portrait:40px;mobile_landscape:40px;mobile:40px;\"}' ><h2 style=\"font-weight:bold;color:#ffffff;margin-top:0px;margin-bottom:35px;\">Fordeler med kompositt<\/h2><\/div><div class=\"uvc-sub-heading ult-responsive\"  data-ultimate-target='.uvc-heading.ultimate-heading-130469dd01596daeb .uvc-sub-heading '  data-responsive-json-new='{\"font-size\":\"desktop:20px;tablet:16px;tablet_portrait:16px;mobile_landscape:16px;mobile:16px;\",\"line-height\":\"desktop:30px;tablet:27px;tablet_portrait:27px;mobile_landscape:27px;mobile:27px;\"}'  style=\"font-weight:normal;color:rgba(255,255,255,0.5);margin-bottom:10px;\">Produktene v\u00e5re er lagd med Glassfiber-forsterket Polyester, ettersom det har lang levetid, og gir milj\u00f8fordeler sammenlignet med tradisjonelle metoder. Fiberglass erstatter tradisjonelle materialer som st\u00e5l, aluminium og betong.<\/div><\/div><div class=\"ult-spacer spacer-69dd01596db61\" data-id=\"69dd01596db61\" data-height=\"40\" data-height-mobile=\"40\" data-height-tab=\"40\" data-height-tab-portrait=\"40\" data-height-mobile-landscape=\"40\" style=\"clear:both;display:block;\"><\/div><div class=\"g-cols wpb_row via_flex valign_top type_default stacking_default\"><div class=\"vc_col-sm-4 wpb_column vc_column_container\"><div class=\"vc_column-inner\"><div class=\"wpb_wrapper\"><div class=\"wpb_text_column\"><div class=\"wpb_wrapper\"><ul class=\"features\">\n<li>Lettvekt<\/li>\n<li>God Slagkraft<\/li>\n<li>Ikke-ledende<\/li>\n<\/ul>\n<\/div><\/div><\/div><\/div><\/div><div class=\"vc_col-sm-4 wpb_column vc_column_container\"><div class=\"vc_column-inner\"><div class=\"wpb_wrapper\"><div class=\"wpb_text_column\"><div class=\"wpb_wrapper\"><ul class=\"features\">\n<li>Betydelig styrke-vekt forhold<\/li>\n<li>Fleksibilitet med design<\/li>\n<li>Lav termisk ledningsevne<\/li>\n<\/ul>\n<\/div><\/div><\/div><\/div><\/div><div class=\"vc_col-sm-4 wpb_column vc_column_container\"><div class=\"vc_column-inner\"><div class=\"wpb_wrapper\"><div class=\"wpb_text_column\"><div class=\"wpb_wrapper\"><ul class=\"features\">\n<li>Korrosjonsbestandig<\/li>\n<li>Dimensjonsstabilitet<\/li>\n<li>Lang levetid (50\u00e5r)<\/li>\n<\/ul>\n<\/div><\/div><\/div><\/div><\/div><\/div><\/div><\/div><\/div><\/div><\/div><\/section><section class=\"l-section wpb_row us_custom_906e9273 height_medium\"><div class=\"l-section-h i-cf\"><div class=\"g-cols vc_row via_flex valign_top type_default stacking_default\"><div class=\"vc_col-sm-12 wpb_column vc_column_container\"><div class=\"vc_column-inner\"><div class=\"wpb_wrapper\"><div id=\"ultimate-heading-799369dd01596e481\" class=\"uvc-heading ult-adjust-bottom-margin ultimate-heading-799369dd01596e481 uvc-7143 \" data-hspacer=\"no_spacer\"  data-halign=\"left\" style=\"text-align:left\"><div class=\"uvc-heading-spacer no_spacer\" style=\"top\"><\/div><div class=\"uvc-main-heading ult-responsive\"  data-ultimate-target='.uvc-heading.ultimate-heading-799369dd01596e481 h2'  data-responsive-json-new='{\"font-size\":\"desktop:50px;tablet:34px;tablet_portrait:34px;mobile_landscape:34px;mobile:34px;\",\"line-height\":\"desktop:65px;tablet:40px;tablet_portrait:40px;mobile_landscape:40px;mobile:40px;\"}' ><h2 style=\"font-weight:bold;color:#ffffff;margin-top:0px;margin-bottom:35px;\">Kontakt Oss<\/h2><\/div><\/div><div class=\"g-cols wpb_row us_custom_6b784548 via_flex valign_middle type_default stacking_default\" style=\"--additional-gap:5px;\"><div class=\"vc_col-sm-3 wpb_column vc_column_container has_bg_color\"><div class=\"vc_column-inner us_custom_fa3c6f6d\"><div class=\"wpb_wrapper\"><div class=\"w-image us_custom_f2052e45 aligncenter style_circle has_height align_center\"><div class=\"w-image-h\"><img decoding=\"async\" width=\"279\" height=\"300\" src=\"https:\/\/highcomp.no\/wp-content\/uploads\/2021\/12\/IK_8835-2-Edit-scaled-e1638878440800-279x300.jpg\" class=\"attachment-medium size-medium\" alt=\"Fredrik Faye\" loading=\"lazy\" srcset=\"https:\/\/highcomp.no\/wp-content\/uploads\/2021\/12\/IK_8835-2-Edit-scaled-e1638878440800-279x300.jpg 279w, https:\/\/highcomp.no\/wp-content\/uploads\/2021\/12\/IK_8835-2-Edit-scaled-e1638878440800-952x1024.jpg 952w, https:\/\/highcomp.no\/wp-content\/uploads\/2021\/12\/IK_8835-2-Edit-scaled-e1638878440800-150x161.jpg 150w, https:\/\/highcomp.no\/wp-content\/uploads\/2021\/12\/IK_8835-2-Edit-scaled-e1638878440800-186x200.jpg 186w, https:\/\/highcomp.no\/wp-content\/uploads\/2021\/12\/IK_8835-2-Edit-scaled-e1638878440800-167x180.jpg 167w, https:\/\/highcomp.no\/wp-content\/uploads\/2021\/12\/IK_8835-2-Edit-scaled-e1638878440800-232x250.jpg 232w, https:\/\/highcomp.no\/wp-content\/uploads\/2021\/12\/IK_8835-2-Edit-scaled-e1638878440800-744x800.jpg 744w, https:\/\/highcomp.no\/wp-content\/uploads\/2021\/12\/IK_8835-2-Edit-scaled-e1638878440800-45x48.jpg 45w, https:\/\/highcomp.no\/wp-content\/uploads\/2021\/12\/IK_8835-2-Edit-scaled-e1638878440800.jpg 1707w\" sizes=\"auto, (max-width: 279px) 100vw, 279px\" \/><\/div><\/div><div id=\"ultimate-heading-55769dd01596f6bc\" class=\"uvc-heading ult-adjust-bottom-margin ultimate-heading-55769dd01596f6bc uvc-1865 \" data-hspacer=\"no_spacer\"  data-halign=\"center\" style=\"text-align:center\"><div class=\"uvc-heading-spacer no_spacer\" style=\"top\"><\/div><div class=\"uvc-main-heading ult-responsive\"  data-ultimate-target='.uvc-heading.ultimate-heading-55769dd01596f6bc h3'  data-responsive-json-new='{\"font-size\":\"desktop:18px;\",\"line-height\":\"desktop:36px;\"}' ><h3 style=\"font-weight:bold;color:#ffffff;margin-top:20px;\">Fredrik Faye<\/h3><\/div><div class=\"uvc-sub-heading ult-responsive\"  data-ultimate-target='.uvc-heading.ultimate-heading-55769dd01596f6bc .uvc-sub-heading '  data-responsive-json-new='{\"font-size\":\"desktop:18px;\",\"line-height\":\"\"}'  style=\"font-weight:normal;color:rgba(255,255,255,0.75);margin-bottom:20px;\">VP Sales<\/div><\/div><div class=\"wpb_text_column us_custom_4621708f linker\"><div class=\"wpb_wrapper\"><p><a href=\"tel:+47 922 70 796\">+47 922 70 796<\/a><br \/>\n<a href=\"mailto:ffa@csub.com\">ffa@csub.com<\/a><\/p>\n<\/div><\/div><\/div><\/div><\/div><div class=\"vc_col-sm-3 wpb_column vc_column_container has_bg_color\"><div class=\"vc_column-inner us_custom_fa3c6f6d\"><div class=\"wpb_wrapper\"><div class=\"w-image us_custom_f2052e45 aligncenter style_circle has_height align_center\"><div class=\"w-image-h\"><img decoding=\"async\" width=\"296\" height=\"300\" src=\"https:\/\/highcomp.no\/wp-content\/uploads\/2021\/12\/IK_8847-Edit-scaled-e1638878462553-296x300.jpg\" class=\"attachment-medium size-medium\" alt=\"\" loading=\"lazy\" srcset=\"https:\/\/highcomp.no\/wp-content\/uploads\/2021\/12\/IK_8847-Edit-scaled-e1638878462553-296x300.jpg 296w, https:\/\/highcomp.no\/wp-content\/uploads\/2021\/12\/IK_8847-Edit-scaled-e1638878462553-1011x1024.jpg 1011w, https:\/\/highcomp.no\/wp-content\/uploads\/2021\/12\/IK_8847-Edit-scaled-e1638878462553-150x152.jpg 150w, https:\/\/highcomp.no\/wp-content\/uploads\/2021\/12\/IK_8847-Edit-scaled-e1638878462553-197x200.jpg 197w, https:\/\/highcomp.no\/wp-content\/uploads\/2021\/12\/IK_8847-Edit-scaled-e1638878462553-178x180.jpg 178w, https:\/\/highcomp.no\/wp-content\/uploads\/2021\/12\/IK_8847-Edit-scaled-e1638878462553-247x250.jpg 247w, https:\/\/highcomp.no\/wp-content\/uploads\/2021\/12\/IK_8847-Edit-scaled-e1638878462553-790x800.jpg 790w, https:\/\/highcomp.no\/wp-content\/uploads\/2021\/12\/IK_8847-Edit-scaled-e1638878462553-47x48.jpg 47w, https:\/\/highcomp.no\/wp-content\/uploads\/2021\/12\/IK_8847-Edit-scaled-e1638878462553.jpg 1706w\" sizes=\"auto, (max-width: 296px) 100vw, 296px\" \/><\/div><\/div><div id=\"ultimate-heading-164169dd015970af1\" class=\"uvc-heading ult-adjust-bottom-margin ultimate-heading-164169dd015970af1 uvc-3258 \" data-hspacer=\"no_spacer\"  data-halign=\"center\" style=\"text-align:center\"><div class=\"uvc-heading-spacer no_spacer\" style=\"top\"><\/div><div class=\"uvc-main-heading ult-responsive\"  data-ultimate-target='.uvc-heading.ultimate-heading-164169dd015970af1 h3'  data-responsive-json-new='{\"font-size\":\"desktop:18px;\",\"line-height\":\"desktop:36px;\"}' ><h3 style=\"font-weight:bold;color:#ffffff;margin-top:20px;\">Helge Rasmussen<\/h3><\/div><div class=\"uvc-sub-heading ult-responsive\"  data-ultimate-target='.uvc-heading.ultimate-heading-164169dd015970af1 .uvc-sub-heading '  data-responsive-json-new='{\"font-size\":\"desktop:18px;\",\"line-height\":\"\"}'  style=\"font-weight:normal;color:rgba(255,255,255,0.75);margin-bottom:20px;\">Business Developer<\/div><\/div><div class=\"wpb_text_column us_custom_4621708f linker\"><div class=\"wpb_wrapper\"><p><a href=\"tel:+47 906 47 076\">+47 906 47 076<\/a><br \/>\n<a href=\"mailto:hra@csub.com\">hra@csub.com<\/a><\/p>\n<\/div><\/div><\/div><\/div><\/div><div class=\"vc_col-sm-3 wpb_column vc_column_container\"><div class=\"vc_column-inner\"><div class=\"wpb_wrapper\"><\/div><\/div><\/div><div class=\"vc_col-sm-3 wpb_column vc_column_container\"><div class=\"vc_column-inner\"><div class=\"wpb_wrapper\"><\/div><\/div><\/div><\/div><\/div><\/div><\/div><\/div><\/div><\/section>\n","protected":false},"excerpt":{"rendered":"[vc_custom_heading text=\"OM OSS - HIGHCOMP\" font_container=\"tag:h1|text_align:left\" use_theme_fonts=\"yes\"]HighComp ble etablert i v\u00e5ren 2006 og ble sl\u00e5tt sammen med CSUB i 2015. I dag har vi over 230 ansatte lokalisert i Bokn og Arendal i Norge, og Klaipeda i Litauen. Vi designer, produserer og leverer fiskekar og gangbroer med h\u00f8y kvalitet til akvakultur industrien verden rundt. V\u00e5re...","protected":false},"author":1,"featured_media":0,"parent":0,"menu_order":0,"comment_status":"closed","ping_status":"closed","template":"","meta":{"footnotes":""},"class_list":["post-913","page","type-page","status-publish","hentry"],"yoast_head":"<!-- This site is optimized with the Yoast SEO plugin v26.9 - https:\/\/yoast.com\/product\/yoast-seo-wordpress\/ -->\n<title>Om HighComp - Et CSUB-selskap<\/title>\n<meta name=\"description\" content=\"Vi designer, produserer og leverer fiskekar og gangbroer med h\u00f8y kvalitet til akvakultur industrien verden rundt.\" \/>\n<meta name=\"robots\" content=\"index, follow, max-snippet:-1, max-image-preview:large, max-video-preview:-1\" \/>\n<link rel=\"canonical\" href=\"https:\/\/highcomp.no\/no\/om-oss\/\" \/>\n<meta property=\"og:locale\" content=\"nb_NO\" \/>\n<meta property=\"og:type\" content=\"article\" \/>\n<meta property=\"og:title\" content=\"Om HighComp - Et CSUB-selskap\" \/>\n<meta property=\"og:description\" content=\"Vi designer, produserer og leverer fiskekar og gangbroer med h\u00f8y kvalitet til akvakultur industrien verden rundt.\" \/>\n<meta property=\"og:url\" content=\"https:\/\/highcomp.no\/no\/om-oss\/\" \/>\n<meta property=\"og:site_name\" content=\"HighComp\" \/>\n<meta property=\"article:publisher\" content=\"https:\/\/www.facebook.com\/HighComp\" \/>\n<meta property=\"article:modified_time\" content=\"2024-10-06T10:36:33+00:00\" \/>\n<meta name=\"twitter:card\" content=\"summary_large_image\" \/>\n<meta name=\"twitter:label1\" content=\"Ansl. lesetid\" \/>\n\t<meta name=\"twitter:data1\" content=\"3 minutter\" \/>\n<script type=\"application\/ld+json\" class=\"yoast-schema-graph\">{\"@context\":\"https:\/\/schema.org\",\"@graph\":[{\"@type\":\"WebPage\",\"@id\":\"https:\/\/highcomp.no\/no\/om-oss\/\",\"url\":\"https:\/\/highcomp.no\/no\/om-oss\/\",\"name\":\"Om HighComp - Et CSUB-selskap\",\"isPartOf\":{\"@id\":\"https:\/\/highcomp.no\/no\/#website\"},\"datePublished\":\"2021-03-18T07:48:43+00:00\",\"dateModified\":\"2024-10-06T10:36:33+00:00\",\"description\":\"Vi designer, produserer og leverer fiskekar og gangbroer med h\u00f8y kvalitet til akvakultur industrien verden rundt.\",\"breadcrumb\":{\"@id\":\"https:\/\/highcomp.no\/no\/om-oss\/#breadcrumb\"},\"inLanguage\":\"nb-NO\",\"potentialAction\":[{\"@type\":\"ReadAction\",\"target\":[\"https:\/\/highcomp.no\/no\/om-oss\/\"]}]},{\"@type\":\"BreadcrumbList\",\"@id\":\"https:\/\/highcomp.no\/no\/om-oss\/#breadcrumb\",\"itemListElement\":[{\"@type\":\"ListItem\",\"position\":1,\"name\":\"Home\",\"item\":\"https:\/\/highcomp.no\/no\/\"},{\"@type\":\"ListItem\",\"position\":2,\"name\":\"Om oss\"}]},{\"@type\":\"WebSite\",\"@id\":\"https:\/\/highcomp.no\/no\/#website\",\"url\":\"https:\/\/highcomp.no\/no\/\",\"name\":\"Highcomp - A Csub Company\",\"description\":\"Leverand\u00f8r av fiskeoppdrettstanker og kompositt-konstruksjoner for Akvakultur industrien\",\"publisher\":{\"@id\":\"https:\/\/highcomp.no\/no\/#organization\"},\"potentialAction\":[{\"@type\":\"SearchAction\",\"target\":{\"@type\":\"EntryPoint\",\"urlTemplate\":\"https:\/\/highcomp.no\/no\/?s={search_term_string}\"},\"query-input\":{\"@type\":\"PropertyValueSpecification\",\"valueRequired\":true,\"valueName\":\"search_term_string\"}}],\"inLanguage\":\"nb-NO\"},{\"@type\":\"Organization\",\"@id\":\"https:\/\/highcomp.no\/no\/#organization\",\"name\":\"Highcomp AS\",\"url\":\"https:\/\/highcomp.no\/no\/\",\"logo\":{\"@type\":\"ImageObject\",\"inLanguage\":\"nb-NO\",\"@id\":\"https:\/\/highcomp.no\/no\/#\/schema\/logo\/image\/\",\"url\":\"https:\/\/highcomp.no\/wp-content\/uploads\/2021\/03\/5eb90121a8c2cba644200473_HighcompLogoNy-1.png\",\"contentUrl\":\"https:\/\/highcomp.no\/wp-content\/uploads\/2021\/03\/5eb90121a8c2cba644200473_HighcompLogoNy-1.png\",\"width\":455,\"height\":87,\"caption\":\"Highcomp AS\"},\"image\":{\"@id\":\"https:\/\/highcomp.no\/no\/#\/schema\/logo\/image\/\"},\"sameAs\":[\"https:\/\/www.facebook.com\/HighComp\",\"https:\/\/www.linkedin.com\/company\/highcomp-as\/\",\"https:\/\/www.youtube.com\/channel\/UCh9hOR8kmRD7aDSUPG0_pKQ\",\"https:\/\/no.wikipedia.org\/wiki\/Highcomp\"]}]}<\/script>\n<!-- \/ Yoast SEO plugin. -->","yoast_head_json":{"title":"Om HighComp - Et CSUB-selskap","description":"Vi designer, produserer og leverer fiskekar og gangbroer med h\u00f8y kvalitet til akvakultur industrien verden rundt.","robots":{"index":"index","follow":"follow","max-snippet":"max-snippet:-1","max-image-preview":"max-image-preview:large","max-video-preview":"max-video-preview:-1"},"canonical":"https:\/\/highcomp.no\/no\/om-oss\/","og_locale":"nb_NO","og_type":"article","og_title":"Om HighComp - Et CSUB-selskap","og_description":"Vi designer, produserer og leverer fiskekar og gangbroer med h\u00f8y kvalitet til akvakultur industrien verden rundt.","og_url":"https:\/\/highcomp.no\/no\/om-oss\/","og_site_name":"HighComp","article_publisher":"https:\/\/www.facebook.com\/HighComp","article_modified_time":"2024-10-06T10:36:33+00:00","twitter_card":"summary_large_image","twitter_misc":{"Ansl. lesetid":"3 minutter"},"schema":{"@context":"https:\/\/schema.org","@graph":[{"@type":"WebPage","@id":"https:\/\/highcomp.no\/no\/om-oss\/","url":"https:\/\/highcomp.no\/no\/om-oss\/","name":"Om HighComp - Et CSUB-selskap","isPartOf":{"@id":"https:\/\/highcomp.no\/no\/#website"},"datePublished":"2021-03-18T07:48:43+00:00","dateModified":"2024-10-06T10:36:33+00:00","description":"Vi designer, produserer og leverer fiskekar og gangbroer med h\u00f8y kvalitet til akvakultur industrien verden rundt.","breadcrumb":{"@id":"https:\/\/highcomp.no\/no\/om-oss\/#breadcrumb"},"inLanguage":"nb-NO","potentialAction":[{"@type":"ReadAction","target":["https:\/\/highcomp.no\/no\/om-oss\/"]}]},{"@type":"BreadcrumbList","@id":"https:\/\/highcomp.no\/no\/om-oss\/#breadcrumb","itemListElement":[{"@type":"ListItem","position":1,"name":"Home","item":"https:\/\/highcomp.no\/no\/"},{"@type":"ListItem","position":2,"name":"Om oss"}]},{"@type":"WebSite","@id":"https:\/\/highcomp.no\/no\/#website","url":"https:\/\/highcomp.no\/no\/","name":"Highcomp - A Csub Company","description":"Leverand\u00f8r av fiskeoppdrettstanker og kompositt-konstruksjoner for Akvakultur industrien","publisher":{"@id":"https:\/\/highcomp.no\/no\/#organization"},"potentialAction":[{"@type":"SearchAction","target":{"@type":"EntryPoint","urlTemplate":"https:\/\/highcomp.no\/no\/?s={search_term_string}"},"query-input":{"@type":"PropertyValueSpecification","valueRequired":true,"valueName":"search_term_string"}}],"inLanguage":"nb-NO"},{"@type":"Organization","@id":"https:\/\/highcomp.no\/no\/#organization","name":"Highcomp AS","url":"https:\/\/highcomp.no\/no\/","logo":{"@type":"ImageObject","inLanguage":"nb-NO","@id":"https:\/\/highcomp.no\/no\/#\/schema\/logo\/image\/","url":"https:\/\/highcomp.no\/wp-content\/uploads\/2021\/03\/5eb90121a8c2cba644200473_HighcompLogoNy-1.png","contentUrl":"https:\/\/highcomp.no\/wp-content\/uploads\/2021\/03\/5eb90121a8c2cba644200473_HighcompLogoNy-1.png","width":455,"height":87,"caption":"Highcomp AS"},"image":{"@id":"https:\/\/highcomp.no\/no\/#\/schema\/logo\/image\/"},"sameAs":["https:\/\/www.facebook.com\/HighComp","https:\/\/www.linkedin.com\/company\/highcomp-as\/","https:\/\/www.youtube.com\/channel\/UCh9hOR8kmRD7aDSUPG0_pKQ","https:\/\/no.wikipedia.org\/wiki\/Highcomp"]}]}},"_links":{"self":[{"href":"https:\/\/highcomp.no\/no\/wp-json\/wp\/v2\/pages\/913","targetHints":{"allow":["GET"]}}],"collection":[{"href":"https:\/\/highcomp.no\/no\/wp-json\/wp\/v2\/pages"}],"about":[{"href":"https:\/\/highcomp.no\/no\/wp-json\/wp\/v2\/types\/page"}],"author":[{"embeddable":true,"href":"https:\/\/highcomp.no\/no\/wp-json\/wp\/v2\/users\/1"}],"replies":[{"embeddable":true,"href":"https:\/\/highcomp.no\/no\/wp-json\/wp\/v2\/comments?post=913"}],"version-history":[{"count":18,"href":"https:\/\/highcomp.no\/no\/wp-json\/wp\/v2\/pages\/913\/revisions"}],"predecessor-version":[{"id":3687,"href":"https:\/\/highcomp.no\/no\/wp-json\/wp\/v2\/pages\/913\/revisions\/3687"}],"wp:attachment":[{"href":"https:\/\/highcomp.no\/no\/wp-json\/wp\/v2\/media?parent=913"}],"curies":[{"name":"wp","href":"https:\/\/api.w.org\/{rel}","templated":true}]}}