{"id":4261,"date":"2026-03-01T21:50:28","date_gmt":"2026-03-01T20:50:28","guid":{"rendered":"https:\/\/highcomp.no\/?page_id=4261"},"modified":"2026-03-04T14:59:37","modified_gmt":"2026-03-04T13:59:37","slug":"engineering","status":"publish","type":"page","link":"https:\/\/highcomp.no\/no\/engineering\/","title":{"rendered":"Engineering"},"content":{"rendered":"<section class=\"l-section wpb_row height_auto width_full\"><div class=\"l-section-h i-cf\"><div class=\"g-cols vc_row via_flex valign_top type_default stacking_default\"><div class=\"vc_col-sm-12 wpb_column vc_column_container\"><div class=\"vc_column-inner\"><div class=\"wpb_wrapper\"><div class=\"w-image align_center\"><div class=\"w-image-h\"><img decoding=\"async\" width=\"1920\" height=\"800\" src=\"https:\/\/highcomp.no\/wp-content\/uploads\/2026\/02\/csub-engineering.jpg\" class=\"attachment-full size-full\" alt=\"\" loading=\"lazy\" srcset=\"https:\/\/highcomp.no\/wp-content\/uploads\/2026\/02\/csub-engineering.jpg 1920w, https:\/\/highcomp.no\/wp-content\/uploads\/2026\/02\/csub-engineering-300x125.jpg 300w, https:\/\/highcomp.no\/wp-content\/uploads\/2026\/02\/csub-engineering-1024x427.jpg 1024w, https:\/\/highcomp.no\/wp-content\/uploads\/2026\/02\/csub-engineering-150x63.jpg 150w, https:\/\/highcomp.no\/wp-content\/uploads\/2026\/02\/csub-engineering-240x100.jpg 240w, https:\/\/highcomp.no\/wp-content\/uploads\/2026\/02\/csub-engineering-200x83.jpg 200w, https:\/\/highcomp.no\/wp-content\/uploads\/2026\/02\/csub-engineering-250x104.jpg 250w, https:\/\/highcomp.no\/wp-content\/uploads\/2026\/02\/csub-engineering-800x333.jpg 800w, https:\/\/highcomp.no\/wp-content\/uploads\/2026\/02\/csub-engineering-115x48.jpg 115w, https:\/\/highcomp.no\/wp-content\/uploads\/2026\/02\/csub-engineering-474x198.jpg 474w, https:\/\/highcomp.no\/wp-content\/uploads\/2026\/02\/csub-engineering-50x21.jpg 50w\" sizes=\"auto, (max-width: 1920px) 100vw, 1920px\" \/><\/div><\/div><\/div><\/div><\/div><\/div><\/div><\/section><section class=\"l-section wpb_row height_medium\"><div class=\"l-section-h i-cf\"><div class=\"g-cols vc_row via_flex valign_top type_default stacking_default\"><div class=\"vc_col-sm-12 wpb_column vc_column_container\"><div class=\"vc_column-inner\"><div class=\"wpb_wrapper\">[vc_custom_heading text=&raquo;Kompositt engineering og designkompetanse for landbasert oppdrett&raquo; font_container=&raquo;tag:h1|text_align:center&raquo; use_theme_fonts=&raquo;yes&raquo;]<div class=\"ult-spacer spacer-69dd00219f8e9\" data-id=\"69dd00219f8e9\" data-height=\"40\" data-height-mobile=\"0\" data-height-tab=\"\" data-height-tab-portrait=\"\" data-height-mobile-landscape=\"\" style=\"clear:both;display:block;\"><\/div><div class=\"g-cols wpb_row via_flex valign_top type_default stacking_default\"><div class=\"vc_col-sm-2 wpb_column vc_column_container\"><div class=\"vc_column-inner\"><div class=\"wpb_wrapper\"><\/div><\/div><\/div><div class=\"vc_col-sm-8 wpb_column vc_column_container\"><div class=\"vc_column-inner\"><div class=\"wpb_wrapper\"><div class=\"wpb_text_column us_custom_eb849559 special-list\"><div class=\"wpb_wrapper\"><p>HighComp kombinerer solid kompetanse innen komposittengineering med praktisk erfaring fra akvakulturinfrastruktur. V\u00e5re l\u00f8sninger er konstruert \u2014 ikke st\u00f8pt \u2014 og tilpasses for lang levetid, strukturell integritet og forutsigbar ytelse i landbaserte oppdrettsanlegg og RAS-systemer.<\/p>\n<p>Vi leverer optimaliserte standardkonfigurasjoner med dokumentert ytelse, samtidig som vi har fleksibilitet til \u00e5 skreddersy hver leveranse etter prosjektspesifikke krav.<\/p>\n<\/div><\/div><\/div><\/div><\/div><div class=\"vc_col-sm-2 wpb_column vc_column_container\"><div class=\"vc_column-inner\"><div class=\"wpb_wrapper\"><\/div><\/div><\/div><\/div><div class=\"ult-spacer spacer-69dd00219ff7e\" data-id=\"69dd00219ff7e\" data-height=\"100\" data-height-mobile=\"30\" data-height-tab=\"\" data-height-tab-portrait=\"\" data-height-mobile-landscape=\"\" style=\"clear:both;display:block;\"><\/div><div class=\"g-cols wpb_row us_custom_6eef1e9e us_animate_this via_flex valign_top type_default stacking_default\"><div class=\"vc_col-sm-6 wpb_column vc_column_container\"><div class=\"vc_column-inner\"><div class=\"wpb_wrapper\"><div id=\"ultimate-heading-596469dd0021a0170\" class=\"uvc-heading ult-adjust-bottom-margin ultimate-heading-596469dd0021a0170 uvc-85 \" data-hspacer=\"no_spacer\"  data-halign=\"left\" style=\"text-align:left\"><div class=\"uvc-heading-spacer no_spacer\" style=\"top\"><\/div><div class=\"uvc-main-heading ult-responsive\"  data-ultimate-target='.uvc-heading.ultimate-heading-596469dd0021a0170 h2'  data-responsive-json-new='{\"font-size\":\"desktop:35px;\",\"line-height\":\"\"}' ><h2 style=\"font-weight:bold;margin-bottom:15px;\">Hvorfor komposittengineering er avgj\u00f8rende i oppdrett<\/h2><\/div><\/div><div class=\"wpb_text_column special-list\"><div class=\"wpb_wrapper\"><p><a href=\"https:\/\/highcomp.no\/no\/?page_id=4337\">GRP\/kompositt<\/a> er ikke et standard hyllemateriale \u2014 det er en ingeni\u00f8rbasert konstruksjonsl\u00f8sning. HighComp benytter avanserte designmetoder for \u00e5 sikre at hver komponent fungerer under reelle driftsforhold.<\/p>\n<p><strong>Komposittengineering hos HighComp omfatter:<\/strong><\/p>\n<ul>\n<li>Strukturell analyse og lastmodellering<\/li>\n<li>Materialkonfigurasjon og laminatdesign<\/li>\n<li>Integrasjon mot prosessystemer (RAS, filtrering, avgassing)<\/li>\n<li>Design optimalisert for fabrikasjon og installasjon<\/li>\n<\/ul>\n<\/div><\/div><\/div><\/div><\/div><div class=\"vc_col-sm-6 wpb_column vc_column_container\"><div class=\"vc_column-inner\"><div class=\"wpb_wrapper\"><div id=\"ultimate-heading-133569dd0021a04ec\" class=\"uvc-heading ult-adjust-bottom-margin ultimate-heading-133569dd0021a04ec uvc-2902 \" data-hspacer=\"no_spacer\"  data-halign=\"left\" style=\"text-align:left\"><div class=\"uvc-heading-spacer no_spacer\" style=\"top\"><\/div><div class=\"uvc-main-heading ult-responsive\"  data-ultimate-target='.uvc-heading.ultimate-heading-133569dd0021a04ec h2'  data-responsive-json-new='{\"font-size\":\"desktop:35px;\",\"line-height\":\"\"}' ><h2 style=\"font-weight:bold;margin-bottom:15px;\">Optimaliserte standardl\u00f8sninger<\/h2><\/div><\/div><div class=\"wpb_text_column special-list\"><div class=\"wpb_wrapper\"><p>HighComp har utviklet en portef\u00f8lje av optimaliserte standardl\u00f8sninger for sentrale infrastrukturelementer, inkludert: <a href=\"https:\/\/highcomp.no\/no\/?page_id=4108\">Oppdrettskar i kompositt<\/a>, <a href=\"https:\/\/highcomp.no\/no\/?page_id=4223\">Vannbehandlingstanker til RAS-anlegg<\/a>, <a href=\"https:\/\/highcomp.no\/no\/?page_id=4233\">Gangbroer<\/a> og <a href=\"https:\/\/highcomp.no\/no\/?page_id=4251\">Tak over oppdrettskar<\/a><\/p>\n<p><strong>Disse l\u00f8sningene er ikke generiske \u2014 de er:<\/strong><\/p>\n<ul>\n<li>Utviklet basert p\u00e5 historiske ytelsesdata<\/li>\n<li>Validert i operative anlegg<\/li>\n<li>Konstruert for effektiv fabrikasjon og installasjon<\/li>\n<\/ul>\n<p>Valg av standardl\u00f8sninger reduserer prosjektrisiko og ledetid, samtidig som ytelsen er dokumentert og forutsigbar.<\/p>\n<\/div><\/div><\/div><\/div><\/div><\/div><div class=\"ult-spacer spacer-69dd0021a0716\" data-id=\"69dd0021a0716\" data-height=\"60\" data-height-mobile=\"30\" data-height-tab=\"\" data-height-tab-portrait=\"\" data-height-mobile-landscape=\"\" style=\"clear:both;display:block;\"><\/div><div id=\"ultimate-video-204969dd0021a0771\" class=\"ult-video  vc_custom_1660225172247 ult-adjust-bottom-margin ultimate-video-204969dd0021a0771 ultv-4960 nice-border max-658\"><div class=\"ultv-video ultv-aspect-ratio-16_9 ultv-subscribe-responsive-none\" data-videotype=\"uv_iframe\">\n\t\t\t\t\t\t<div class=\"ultv-video__outer-wrap\" data-autoplay=\"0\" data-device=\"false\"  data-iconbg=\"#3A3A3A\" data-overcolor=\"\" data-defaultbg=\"#1f1f1e\" data-defaultplay=\"image\"><div class=\"ultv-video__play\" data-src=\"https:\/\/www.youtube.com\/embed\/NBQMTatvIkE?rel=0&#038;start&#038;end&#038;controls=1&#038;mute=0&#038;modestbranding=0&#038;autoplay=1\">\n\t\t\t\t\t\t\t\t<img decoding=\"async\" class=\"ultv-video__thumb\" src=\"https:\/\/highcomp.no\/wp-content\/uploads\/2022\/08\/engineering-thumb.jpg\"\/>\n\t\t\t\t\t\t\t\t<div class=\"ultv-video__play-icon  ultv-animation-wobble-vertical\" style=\"width:125px\"><img decoding=\"async\" src=\"https:\/\/highcomp.no\/wp-content\/uploads\/2022\/07\/play-1.png\"\/><\/div> <\/div> <\/div><\/div><\/div><div class=\"ult-spacer spacer-69dd0021a122a\" data-id=\"69dd0021a122a\" data-height=\"180\" data-height-mobile=\"30\" data-height-tab=\"\" data-height-tab-portrait=\"\" data-height-mobile-landscape=\"\" style=\"clear:both;display:block;\"><\/div><div class=\"g-cols wpb_row us_custom_6eef1e9e us_animate_this via_flex valign_top type_default stacking_default\"><div class=\"vc_col-sm-6 wpb_column vc_column_container\"><div class=\"vc_column-inner\"><div class=\"wpb_wrapper\"><div id=\"ultimate-heading-681069dd0021a1431\" class=\"uvc-heading ult-adjust-bottom-margin ultimate-heading-681069dd0021a1431 uvc-9921 \" data-hspacer=\"no_spacer\"  data-halign=\"left\" style=\"text-align:left\"><div class=\"uvc-heading-spacer no_spacer\" style=\"top\"><\/div><div class=\"uvc-main-heading ult-responsive\"  data-ultimate-target='.uvc-heading.ultimate-heading-681069dd0021a1431 h2'  data-responsive-json-new='{\"font-size\":\"desktop:35px;\",\"line-height\":\"\"}' ><h2 style=\"font-weight:bold;margin-bottom:15px;\">Skreddersydd til ditt prosjekter<\/h2><\/div><\/div><div class=\"wpb_text_column special-list\"><div class=\"wpb_wrapper\"><p>For prosjekter med spesielle krav, komplekse tomteforhold eller avanserte prosessspesifikasjoner tilbyr HighComp full tilpasning.<\/p>\n<p><strong>Vi tilpasser:<\/strong><\/p>\n<ul>\n<li>Geometri og dimensjoner<\/li>\n<li>Styrke- og lastparametere<\/li>\n<li>Integrasjon mot tredjeparts RAS- eller prosessutstyr<\/li>\n<li>Etterlevelse av lokale myndighetskrav<\/li>\n<\/ul>\n<p>Skreddersydd engineering sikrer at hvert prosjekt optimaliseres for ytelse, kostnad og fremdrift.<\/p>\n<\/div><\/div><\/div><\/div><\/div><div class=\"vc_col-sm-6 wpb_column vc_column_container\"><div class=\"vc_column-inner\"><div class=\"wpb_wrapper\"><div id=\"ultimate-heading-24469dd0021a16fa\" class=\"uvc-heading ult-adjust-bottom-margin ultimate-heading-24469dd0021a16fa uvc-3307 \" data-hspacer=\"no_spacer\"  data-halign=\"left\" style=\"text-align:left\"><div class=\"uvc-heading-spacer no_spacer\" style=\"top\"><\/div><div class=\"uvc-main-heading ult-responsive\"  data-ultimate-target='.uvc-heading.ultimate-heading-24469dd0021a16fa h2'  data-responsive-json-new='{\"font-size\":\"desktop:35px;\",\"line-height\":\"\"}' ><h2 style=\"font-weight:bold;margin-bottom:15px;\">Engineeringmetoder og verkt\u00f8y<\/h2><\/div><\/div><div class=\"wpb_text_column special-list\"><div class=\"wpb_wrapper\"><p>HighComp er en del av CSUB Group \u2014 verdens st\u00f8rste EPCI-leverand\u00f8r av komposittkonstruksjoner.<\/p>\n<p>Med Norges st\u00f8rste ingeni\u00f8rmilj\u00f8 dedikert til komposittdesign benytter vi avansert FEM- og CFD-analyse i hvert prosjekt. Strukturelle metoder utviklet for offshore- og subseaanvendelser er tilpasset landbasert akvakulturinfrastruktur.<\/p>\n<p>Strukturell analyse<br \/>\nHelhetlig vurdering av last, spenninger og deformasjon for \u00e5 sikre sikkerhet og ytelse.<\/p>\n<p><strong>FEM (Finite Element Modeling)<\/strong><br \/>\nDetaljerte simuleringer av materialadferd under operasjonelle og milj\u00f8messige laster.<\/p>\n<p><strong>CFD (Computational Fluid Dynamics)<\/strong><br \/>\nStr\u00f8mnings- og systemmodellering for optimal vannbehandling, sirkulasjon og prosessytelse i RAS-anlegg.<\/p>\n<\/div><\/div><\/div><\/div><\/div><\/div><div class=\"ult-spacer spacer-69dd0021a18d1\" data-id=\"69dd0021a18d1\" data-height=\"80\" data-height-mobile=\"30\" data-height-tab=\"\" data-height-tab-portrait=\"\" data-height-mobile-landscape=\"\" style=\"clear:both;display:block;\"><\/div><div class=\"w-image us_custom_c34a1169 us_animate_this align_none\"><div class=\"w-image-h\"><img decoding=\"async\" width=\"1600\" height=\"926\" src=\"https:\/\/highcomp.no\/wp-content\/uploads\/2026\/02\/highcomp-engineering2.jpg\" class=\"attachment-full size-full\" alt=\"\" loading=\"lazy\" srcset=\"https:\/\/highcomp.no\/wp-content\/uploads\/2026\/02\/highcomp-engineering2.jpg 1600w, https:\/\/highcomp.no\/wp-content\/uploads\/2026\/02\/highcomp-engineering2-300x174.jpg 300w, https:\/\/highcomp.no\/wp-content\/uploads\/2026\/02\/highcomp-engineering2-1024x593.jpg 1024w, https:\/\/highcomp.no\/wp-content\/uploads\/2026\/02\/highcomp-engineering2-150x87.jpg 150w, https:\/\/highcomp.no\/wp-content\/uploads\/2026\/02\/highcomp-engineering2-240x139.jpg 240w, https:\/\/highcomp.no\/wp-content\/uploads\/2026\/02\/highcomp-engineering2-200x116.jpg 200w, https:\/\/highcomp.no\/wp-content\/uploads\/2026\/02\/highcomp-engineering2-250x145.jpg 250w, https:\/\/highcomp.no\/wp-content\/uploads\/2026\/02\/highcomp-engineering2-800x463.jpg 800w, https:\/\/highcomp.no\/wp-content\/uploads\/2026\/02\/highcomp-engineering2-83x48.jpg 83w, https:\/\/highcomp.no\/wp-content\/uploads\/2026\/02\/highcomp-engineering2-474x274.jpg 474w, https:\/\/highcomp.no\/wp-content\/uploads\/2026\/02\/highcomp-engineering2-50x29.jpg 50w\" sizes=\"auto, (max-width: 1600px) 100vw, 1600px\" \/><\/div><\/div><div class=\"ult-spacer spacer-69dd0021a2383\" data-id=\"69dd0021a2383\" data-height=\"80\" data-height-mobile=\"30\" data-height-tab=\"\" data-height-tab-portrait=\"\" data-height-mobile-landscape=\"\" style=\"clear:both;display:block;\"><\/div><div class=\"g-cols wpb_row us_custom_6eef1e9e us_animate_this via_flex valign_top type_default stacking_default\"><div class=\"vc_col-sm-6 wpb_column vc_column_container\"><div class=\"vc_column-inner\"><div class=\"wpb_wrapper\"><div id=\"ultimate-heading-181669dd0021a2555\" class=\"uvc-heading ult-adjust-bottom-margin ultimate-heading-181669dd0021a2555 uvc-5576 \" data-hspacer=\"no_spacer\"  data-halign=\"left\" style=\"text-align:left\"><div class=\"uvc-heading-spacer no_spacer\" style=\"top\"><\/div><div class=\"uvc-main-heading ult-responsive\"  data-ultimate-target='.uvc-heading.ultimate-heading-181669dd0021a2555 h2'  data-responsive-json-new='{\"font-size\":\"desktop:35px;\",\"line-height\":\"\"}' ><h2 style=\"font-weight:bold;margin-bottom:15px;\">Integrert i EPCI-leveransemodellen<\/h2><\/div><\/div><div class=\"wpb_text_column special-list\"><div class=\"wpb_wrapper\"><p>Engineering er ikke en isolert tjeneste \u2014 det er fundamentet i <a href=\"https:\/\/highcomp.no\/no\/?page_id=4300\">HighComp sin EPCI-gjennomf\u00f8ring<\/a>.<\/p>\n<p><strong>V\u00e5re ingeni\u00f8rer samarbeider tett med:<\/strong><\/p>\n<ul>\n<li>Innkj\u00f8p for \u00e5 sikre samsvar mellom design, materialvalg og leverand\u00f8rkjede<\/li>\n<li>Fabrikasjon for \u00e5 sikre produksjonstilpasset design<\/li>\n<li>Installasjonsteam for \u00e5 redusere risiko og fremdriftsvariasjon<\/li>\n<\/ul>\n<p>Denne tverrfaglige integrasjonen reduserer uforutsette utfordringer og st\u00f8tter forutsigbare prosjektresultater.<\/p>\n<\/div><\/div><\/div><\/div><\/div><div class=\"vc_col-sm-6 wpb_column vc_column_container\"><div class=\"vc_column-inner\"><div class=\"wpb_wrapper\"><div id=\"ultimate-heading-871669dd0021a2841\" class=\"uvc-heading ult-adjust-bottom-margin ultimate-heading-871669dd0021a2841 uvc-5593 \" data-hspacer=\"no_spacer\"  data-halign=\"left\" style=\"text-align:left\"><div class=\"uvc-heading-spacer no_spacer\" style=\"top\"><\/div><div class=\"uvc-main-heading ult-responsive\"  data-ultimate-target='.uvc-heading.ultimate-heading-871669dd0021a2841 h2'  data-responsive-json-new='{\"font-size\":\"desktop:35px;\",\"line-height\":\"\"}' ><h2 style=\"font-weight:bold;margin-bottom:15px;\">Dokumentasjon, etterlevelse og sertifisering<\/h2><\/div><\/div><div class=\"wpb_text_column special-list\"><div class=\"wpb_wrapper\"><p>HighComp leverer omfattende tekniske dokumentasjonspakker for hvert prosjekt:<\/p>\n<ul>\n<li>Ingeni\u00f8rrapporter og beregninger<\/li>\n<li>Tegninger og spesifikasjoner<\/li>\n<li>Materialsertifikater<\/li>\n<li>Prosjektspesifikk samsvars- og myndighetsdokumentasjon<\/li>\n<\/ul>\n<p>Leveranser inkluderer prosjektbasert sertifisering som st\u00f8tter anbudskrav og regulatorisk etterlevelse.<\/p>\n<\/div><\/div><\/div><\/div><\/div><\/div><\/div><\/div><\/div><\/div><\/div><\/section>\n","protected":false},"excerpt":{"rendered":"[vc_custom_heading text=\"Kompositt engineering og designkompetanse for landbasert oppdrett\" font_container=\"tag:h1|text_align:center\" use_theme_fonts=\"yes\"]HighComp kombinerer solid kompetanse innen komposittengineering med praktisk erfaring fra akvakulturinfrastruktur. V\u00e5re l\u00f8sninger er konstruert \u2014 ikke st\u00f8pt \u2014 og tilpasses for lang levetid, strukturell integritet og forutsigbar ytelse i landbaserte oppdrettsanlegg og RAS-systemer. Vi leverer optimaliserte standardkonfigurasjoner med dokumentert ytelse, samtidig som vi har fleksibilitet...","protected":false},"author":1,"featured_media":0,"parent":0,"menu_order":0,"comment_status":"closed","ping_status":"closed","template":"","meta":{"footnotes":""},"class_list":["post-4261","page","type-page","status-publish","hentry"],"yoast_head":"<!-- This site is optimized with the Yoast SEO plugin v26.9 - https:\/\/yoast.com\/product\/yoast-seo-wordpress\/ -->\n<title>Kompositt engineering for landbasert oppdrett | HighComp<\/title>\n<meta name=\"description\" content=\"Kompositt engineering for landbasert oppdrett og RAS-anlegg. Optimaliserte standardl\u00f8sninger, skreddersydd prosjektering og avansert strukturell analyse (FEM\/CFD).\" \/>\n<meta name=\"robots\" content=\"index, follow, max-snippet:-1, max-image-preview:large, max-video-preview:-1\" \/>\n<link rel=\"canonical\" href=\"https:\/\/highcomp.no\/no\/engineering\/\" \/>\n<meta property=\"og:locale\" content=\"nb_NO\" \/>\n<meta property=\"og:type\" content=\"article\" \/>\n<meta property=\"og:title\" content=\"Kompositt engineering for landbasert oppdrett | HighComp\" \/>\n<meta property=\"og:description\" content=\"Kompositt engineering for landbasert oppdrett og RAS-anlegg. Optimaliserte standardl\u00f8sninger, skreddersydd prosjektering og avansert strukturell analyse (FEM\/CFD).\" \/>\n<meta property=\"og:url\" content=\"https:\/\/highcomp.no\/no\/engineering\/\" \/>\n<meta property=\"og:site_name\" content=\"HighComp\" \/>\n<meta property=\"article:publisher\" content=\"https:\/\/www.facebook.com\/HighComp\" \/>\n<meta property=\"article:modified_time\" content=\"2026-03-04T13:59:37+00:00\" \/>\n<meta name=\"twitter:card\" content=\"summary_large_image\" \/>\n<meta name=\"twitter:label1\" content=\"Ansl. lesetid\" \/>\n\t<meta name=\"twitter:data1\" content=\"5 minutter\" \/>\n<script type=\"application\/ld+json\" class=\"yoast-schema-graph\">{\"@context\":\"https:\/\/schema.org\",\"@graph\":[{\"@type\":\"WebPage\",\"@id\":\"https:\/\/highcomp.no\/no\/engineering\/\",\"url\":\"https:\/\/highcomp.no\/no\/engineering\/\",\"name\":\"Kompositt engineering for landbasert oppdrett | HighComp\",\"isPartOf\":{\"@id\":\"https:\/\/highcomp.no\/no\/#website\"},\"datePublished\":\"2026-03-01T20:50:28+00:00\",\"dateModified\":\"2026-03-04T13:59:37+00:00\",\"description\":\"Kompositt engineering for landbasert oppdrett og RAS-anlegg. Optimaliserte standardl\u00f8sninger, skreddersydd prosjektering og avansert strukturell analyse (FEM\/CFD).\",\"breadcrumb\":{\"@id\":\"https:\/\/highcomp.no\/no\/engineering\/#breadcrumb\"},\"inLanguage\":\"nb-NO\",\"potentialAction\":[{\"@type\":\"ReadAction\",\"target\":[\"https:\/\/highcomp.no\/no\/engineering\/\"]}]},{\"@type\":\"BreadcrumbList\",\"@id\":\"https:\/\/highcomp.no\/no\/engineering\/#breadcrumb\",\"itemListElement\":[{\"@type\":\"ListItem\",\"position\":1,\"name\":\"Home\",\"item\":\"https:\/\/highcomp.no\/no\/\"},{\"@type\":\"ListItem\",\"position\":2,\"name\":\"Engineering\"}]},{\"@type\":\"WebSite\",\"@id\":\"https:\/\/highcomp.no\/no\/#website\",\"url\":\"https:\/\/highcomp.no\/no\/\",\"name\":\"Highcomp - A Csub Company\",\"description\":\"Leverand\u00f8r av fiskeoppdrettstanker og kompositt-konstruksjoner for Akvakultur industrien\",\"publisher\":{\"@id\":\"https:\/\/highcomp.no\/no\/#organization\"},\"potentialAction\":[{\"@type\":\"SearchAction\",\"target\":{\"@type\":\"EntryPoint\",\"urlTemplate\":\"https:\/\/highcomp.no\/no\/?s={search_term_string}\"},\"query-input\":{\"@type\":\"PropertyValueSpecification\",\"valueRequired\":true,\"valueName\":\"search_term_string\"}}],\"inLanguage\":\"nb-NO\"},{\"@type\":\"Organization\",\"@id\":\"https:\/\/highcomp.no\/no\/#organization\",\"name\":\"Highcomp AS\",\"url\":\"https:\/\/highcomp.no\/no\/\",\"logo\":{\"@type\":\"ImageObject\",\"inLanguage\":\"nb-NO\",\"@id\":\"https:\/\/highcomp.no\/no\/#\/schema\/logo\/image\/\",\"url\":\"https:\/\/highcomp.no\/wp-content\/uploads\/2021\/03\/5eb90121a8c2cba644200473_HighcompLogoNy-1.png\",\"contentUrl\":\"https:\/\/highcomp.no\/wp-content\/uploads\/2021\/03\/5eb90121a8c2cba644200473_HighcompLogoNy-1.png\",\"width\":455,\"height\":87,\"caption\":\"Highcomp AS\"},\"image\":{\"@id\":\"https:\/\/highcomp.no\/no\/#\/schema\/logo\/image\/\"},\"sameAs\":[\"https:\/\/www.facebook.com\/HighComp\",\"https:\/\/www.linkedin.com\/company\/highcomp-as\/\",\"https:\/\/www.youtube.com\/channel\/UCh9hOR8kmRD7aDSUPG0_pKQ\",\"https:\/\/no.wikipedia.org\/wiki\/Highcomp\"]}]}<\/script>\n<!-- \/ Yoast SEO plugin. -->","yoast_head_json":{"title":"Kompositt engineering for landbasert oppdrett | HighComp","description":"Kompositt engineering for landbasert oppdrett og RAS-anlegg. Optimaliserte standardl\u00f8sninger, skreddersydd prosjektering og avansert strukturell analyse (FEM\/CFD).","robots":{"index":"index","follow":"follow","max-snippet":"max-snippet:-1","max-image-preview":"max-image-preview:large","max-video-preview":"max-video-preview:-1"},"canonical":"https:\/\/highcomp.no\/no\/engineering\/","og_locale":"nb_NO","og_type":"article","og_title":"Kompositt engineering for landbasert oppdrett | HighComp","og_description":"Kompositt engineering for landbasert oppdrett og RAS-anlegg. Optimaliserte standardl\u00f8sninger, skreddersydd prosjektering og avansert strukturell analyse (FEM\/CFD).","og_url":"https:\/\/highcomp.no\/no\/engineering\/","og_site_name":"HighComp","article_publisher":"https:\/\/www.facebook.com\/HighComp","article_modified_time":"2026-03-04T13:59:37+00:00","twitter_card":"summary_large_image","twitter_misc":{"Ansl. lesetid":"5 minutter"},"schema":{"@context":"https:\/\/schema.org","@graph":[{"@type":"WebPage","@id":"https:\/\/highcomp.no\/no\/engineering\/","url":"https:\/\/highcomp.no\/no\/engineering\/","name":"Kompositt engineering for landbasert oppdrett | HighComp","isPartOf":{"@id":"https:\/\/highcomp.no\/no\/#website"},"datePublished":"2026-03-01T20:50:28+00:00","dateModified":"2026-03-04T13:59:37+00:00","description":"Kompositt engineering for landbasert oppdrett og RAS-anlegg. Optimaliserte standardl\u00f8sninger, skreddersydd prosjektering og avansert strukturell analyse (FEM\/CFD).","breadcrumb":{"@id":"https:\/\/highcomp.no\/no\/engineering\/#breadcrumb"},"inLanguage":"nb-NO","potentialAction":[{"@type":"ReadAction","target":["https:\/\/highcomp.no\/no\/engineering\/"]}]},{"@type":"BreadcrumbList","@id":"https:\/\/highcomp.no\/no\/engineering\/#breadcrumb","itemListElement":[{"@type":"ListItem","position":1,"name":"Home","item":"https:\/\/highcomp.no\/no\/"},{"@type":"ListItem","position":2,"name":"Engineering"}]},{"@type":"WebSite","@id":"https:\/\/highcomp.no\/no\/#website","url":"https:\/\/highcomp.no\/no\/","name":"Highcomp - A Csub Company","description":"Leverand\u00f8r av fiskeoppdrettstanker og kompositt-konstruksjoner for Akvakultur industrien","publisher":{"@id":"https:\/\/highcomp.no\/no\/#organization"},"potentialAction":[{"@type":"SearchAction","target":{"@type":"EntryPoint","urlTemplate":"https:\/\/highcomp.no\/no\/?s={search_term_string}"},"query-input":{"@type":"PropertyValueSpecification","valueRequired":true,"valueName":"search_term_string"}}],"inLanguage":"nb-NO"},{"@type":"Organization","@id":"https:\/\/highcomp.no\/no\/#organization","name":"Highcomp AS","url":"https:\/\/highcomp.no\/no\/","logo":{"@type":"ImageObject","inLanguage":"nb-NO","@id":"https:\/\/highcomp.no\/no\/#\/schema\/logo\/image\/","url":"https:\/\/highcomp.no\/wp-content\/uploads\/2021\/03\/5eb90121a8c2cba644200473_HighcompLogoNy-1.png","contentUrl":"https:\/\/highcomp.no\/wp-content\/uploads\/2021\/03\/5eb90121a8c2cba644200473_HighcompLogoNy-1.png","width":455,"height":87,"caption":"Highcomp AS"},"image":{"@id":"https:\/\/highcomp.no\/no\/#\/schema\/logo\/image\/"},"sameAs":["https:\/\/www.facebook.com\/HighComp","https:\/\/www.linkedin.com\/company\/highcomp-as\/","https:\/\/www.youtube.com\/channel\/UCh9hOR8kmRD7aDSUPG0_pKQ","https:\/\/no.wikipedia.org\/wiki\/Highcomp"]}]}},"_links":{"self":[{"href":"https:\/\/highcomp.no\/no\/wp-json\/wp\/v2\/pages\/4261","targetHints":{"allow":["GET"]}}],"collection":[{"href":"https:\/\/highcomp.no\/no\/wp-json\/wp\/v2\/pages"}],"about":[{"href":"https:\/\/highcomp.no\/no\/wp-json\/wp\/v2\/types\/page"}],"author":[{"embeddable":true,"href":"https:\/\/highcomp.no\/no\/wp-json\/wp\/v2\/users\/1"}],"replies":[{"embeddable":true,"href":"https:\/\/highcomp.no\/no\/wp-json\/wp\/v2\/comments?post=4261"}],"version-history":[{"count":7,"href":"https:\/\/highcomp.no\/no\/wp-json\/wp\/v2\/pages\/4261\/revisions"}],"predecessor-version":[{"id":4685,"href":"https:\/\/highcomp.no\/no\/wp-json\/wp\/v2\/pages\/4261\/revisions\/4685"}],"wp:attachment":[{"href":"https:\/\/highcomp.no\/no\/wp-json\/wp\/v2\/media?parent=4261"}],"curies":[{"name":"wp","href":"https:\/\/api.w.org\/{rel}","templated":true}]}}