{"id":1014,"date":"2021-03-18T09:59:48","date_gmt":"2021-03-18T08:59:48","guid":{"rendered":"https:\/\/312531-www.web.tornado-node.net\/?page_id=1014"},"modified":"2024-10-06T12:37:06","modified_gmt":"2024-10-06T10:37:06","slug":"kontakt","status":"publish","type":"page","link":"https:\/\/highcomp.no\/no\/kontakt\/","title":{"rendered":"Kontakt"},"content":{"rendered":"<section class=\"l-section wpb_row height_medium\"><div class=\"l-section-h i-cf\"><div class=\"g-cols vc_row via_flex valign_top type_default stacking_default\"><div class=\"vc_col-sm-4 wpb_column vc_column_container\"><div class=\"vc_column-inner\"><div class=\"wpb_wrapper\">[vc_custom_heading text=&raquo;Kontakt oss&raquo; font_container=&raquo;tag:h1|text_align:left&raquo; use_theme_fonts=&raquo;yes&raquo;]<div class=\"wpb_text_column us_custom_d1d3b3c6 linker\"><div class=\"wpb_wrapper\"><p><strong>Epost:<\/strong><br \/>\n<a href=\"mailto:ffa@csub.com\">ffa@csub.com<\/a><br \/>\n<a href=\"tel:+47 922 70 796\">+47 922 70 796<\/a><\/p>\n<\/div><\/div><div class=\"ult-spacer spacer-69dcefe2b6c48\" data-id=\"69dcefe2b6c48\" data-height=\"24\" data-height-mobile=\"24\" data-height-tab=\"24\" data-height-tab-portrait=\"\" data-height-mobile-landscape=\"\" style=\"clear:both;display:block;\"><\/div><div class=\"wpb_text_column underliner\"><div class=\"wpb_wrapper\"><p><strong>Hovedkontor:<\/strong><br \/>\nSundgata 119,<br \/>\n5527 Haugesund,<br \/>\nNorge<\/p>\n<\/div><\/div><\/div><\/div><\/div><div class=\"vc_col-sm-8 wpb_column vc_column_container\"><div class=\"vc_column-inner\"><div class=\"wpb_wrapper\">\n<div class=\"wpcf7 no-js\" id=\"wpcf7-f1019-o1\" lang=\"en-US\" dir=\"ltr\" data-wpcf7-id=\"1019\">\n<div class=\"screen-reader-response\"><p role=\"status\" aria-live=\"polite\" aria-atomic=\"true\"><\/p> <ul><\/ul><\/div>\n<form action=\"\/no\/wp-json\/wp\/v2\/pages\/1014#wpcf7-f1019-o1\" method=\"post\" class=\"wpcf7-form init\" aria-label=\"Contact form\" novalidate=\"novalidate\" data-status=\"init\">\n<fieldset class=\"hidden-fields-container\"><input type=\"hidden\" name=\"_wpcf7\" value=\"1019\" \/><input type=\"hidden\" name=\"_wpcf7_version\" value=\"6.1.5\" \/><input type=\"hidden\" name=\"_wpcf7_locale\" value=\"en_US\" \/><input type=\"hidden\" name=\"_wpcf7_unit_tag\" value=\"wpcf7-f1019-o1\" \/><input type=\"hidden\" name=\"_wpcf7_container_post\" value=\"0\" \/><input type=\"hidden\" name=\"_wpcf7_posted_data_hash\" value=\"\" \/>\n<\/fieldset>\n<div class=\"one-half\">\n\t<p><label> Full name<br \/>\n<span class=\"wpcf7-form-control-wrap\" data-name=\"your-name\"><input size=\"40\" maxlength=\"400\" class=\"wpcf7-form-control wpcf7-text wpcf7-validates-as-required\" aria-required=\"true\" aria-invalid=\"false\" value=\"\" type=\"text\" name=\"your-name\" \/><\/span> <\/label>\n\t<\/p>\n\t<p><label><\/label>\n\t<\/p>\n\t<div class=\"margin-top:50px;\">\n\t\t<p>Email\n\t\t<\/p>\n\t<\/div>\n\t<p><span class=\"wpcf7-form-control-wrap\" data-name=\"your-email\"><input size=\"40\" maxlength=\"400\" class=\"wpcf7-form-control wpcf7-email wpcf7-validates-as-required wpcf7-text wpcf7-validates-as-email\" aria-required=\"true\" aria-invalid=\"false\" value=\"\" type=\"email\" name=\"your-email\" \/><\/span>\n\t<\/p>\n<\/div>\n<div class=\"one-half last\">\n\t<p><label> Company<br \/>\n<span class=\"wpcf7-form-control-wrap\" data-name=\"your-subject\"><input size=\"40\" maxlength=\"400\" class=\"wpcf7-form-control wpcf7-text\" aria-invalid=\"false\" value=\"\" type=\"text\" name=\"your-subject\" \/><\/span> <\/label>\n\t<\/p>\n\t<p><label> <\/label>\n\t<\/p>\n\t<div class=\"margin-top:50px;\">\n\t\t<p>Phone\n\t\t<\/p>\n\t<\/div>\n\t<p><span class=\"wpcf7-form-control-wrap\" data-name=\"tel-681\"><input size=\"40\" maxlength=\"400\" class=\"wpcf7-form-control wpcf7-tel wpcf7-text wpcf7-validates-as-tel\" aria-invalid=\"false\" value=\"\" type=\"tel\" name=\"tel-681\" \/><\/span>\n\t<\/p>\n<\/div>\n<p><label> Message<br \/>\n<span class=\"wpcf7-form-control-wrap\" data-name=\"your-message\"><textarea cols=\"40\" rows=\"10\" maxlength=\"2000\" class=\"wpcf7-form-control wpcf7-textarea\" aria-invalid=\"false\" name=\"your-message\"><\/textarea><\/span> <\/label>\n<\/p>\n<p><input class=\"wpcf7-form-control wpcf7-submit has-spinner\" type=\"submit\" value=\"Send\" \/>\n<\/p><noscript>\n\t\t\t<div class=\"wpcf7-response-output wpcf7-spam-blocked\">Your browser does not support JavaScript!. Please enable javascript in your browser in order to get form work properly.<\/div>\n\t<\/noscript><script type='text\/javascript'>\n\n\t\t\t\t\t\tif(contactform === undefined){\n\t\t\t\t\t\t\tvar contactform = [];\n\t\t\t\t\t\t}\n\t\t\t\t\t\tvar innerVal = [1019,'mail_sent_ok','Thank you for your message. It has been sent.'];\n\t\t\t\t\t\tcontactform.push(innerVal);\n\t\t\t\t\t\tvar innerVal = [1019,'mail_sent_ng','There was an error trying to send your message. Please try again later.'];\n\t\t\t\t\t\tcontactform.push(innerVal);\n\t\t\t\t\t\tvar innerVal = [1019,'validation_error','One or more fields have an error. Please check and try again.'];\n\t\t\t\t\t\tcontactform.push(innerVal);\n\t\t\t\t\t\tvar innerVal = [1019,'spam','There was an error trying to send your message. Please try again later.'];\n\t\t\t\t\t\tcontactform.push(innerVal);\n\t\t\t\t\t\tvar innerVal = [1019,'accept_terms','You must accept the terms and conditions before sending your message.'];\n\t\t\t\t\t\tcontactform.push(innerVal);\n\t\t\t\t\t\tvar innerVal = [1019,'invalid_required','The field is required.'];\n\t\t\t\t\t\tcontactform.push(innerVal);\n\t\t\t\t\t\tvar innerVal = [1019,'invalid_too_long','The field is too long.'];\n\t\t\t\t\t\tcontactform.push(innerVal);\n\t\t\t\t\t\tvar innerVal = [1019,'invalid_too_short','The field is too short.'];\n\t\t\t\t\t\tcontactform.push(innerVal);\n\t\t\t\t\t\tvar innerVal = [1019,'upload_failed','There was an unknown error uploading the file.'];\n\t\t\t\t\t\tcontactform.push(innerVal);\n\t\t\t\t\t\tvar innerVal = [1019,'upload_file_type_invalid','You are not allowed to upload files of this type.'];\n\t\t\t\t\t\tcontactform.push(innerVal);\n\t\t\t\t\t\tvar innerVal = [1019,'upload_file_too_large','The file is too big.'];\n\t\t\t\t\t\tcontactform.push(innerVal);\n\t\t\t\t\t\tvar innerVal = [1019,'upload_failed_php_error','There was an error uploading the file.'];\n\t\t\t\t\t\tcontactform.push(innerVal);\n\t\t\t\t\t\tvar innerVal = [1019,'invalid_date','The date format is incorrect.'];\n\t\t\t\t\t\tcontactform.push(innerVal);\n\t\t\t\t\t\tvar innerVal = [1019,'date_too_early','The date is before the earliest one allowed.'];\n\t\t\t\t\t\tcontactform.push(innerVal);\n\t\t\t\t\t\tvar innerVal = [1019,'date_too_late','The date is after the latest one allowed.'];\n\t\t\t\t\t\tcontactform.push(innerVal);\n\t\t\t\t\t\tvar innerVal = [1019,'invalid_number','The number format is invalid.'];\n\t\t\t\t\t\tcontactform.push(innerVal);\n\t\t\t\t\t\tvar innerVal = [1019,'number_too_small','The number is smaller than the minimum allowed.'];\n\t\t\t\t\t\tcontactform.push(innerVal);\n\t\t\t\t\t\tvar innerVal = [1019,'number_too_large','The number is larger than the maximum allowed.'];\n\t\t\t\t\t\tcontactform.push(innerVal);\n\t\t\t\t\t\tvar innerVal = [1019,'quiz_answer_not_correct','The answer to the quiz is incorrect.'];\n\t\t\t\t\t\tcontactform.push(innerVal);\n\t\t\t\t\t\tvar innerVal = [1019,'invalid_email','The e-mail address entered is invalid.'];\n\t\t\t\t\t\tcontactform.push(innerVal);\n\t\t\t\t\t\tvar innerVal = [1019,'invalid_url','The URL is invalid.'];\n\t\t\t\t\t\tcontactform.push(innerVal);\n\t\t\t\t\t\tvar innerVal = [1019,'invalid_tel','The telephone number is invalid.'];\n\t\t\t\t\t\tcontactform.push(innerVal);\n\t\t\t\t\t\tvar innerVal = [1019,'gdpr',''];\n\t\t\t\t\t\tcontactform.push(innerVal);\n\t\t\t\t\t\t<\/script><p style=\"display: none !important;\" class=\"akismet-fields-container\" data-prefix=\"_wpcf7_ak_\"><label>&#916;<textarea name=\"_wpcf7_ak_hp_textarea\" cols=\"45\" rows=\"8\" maxlength=\"100\"><\/textarea><\/label><input type=\"hidden\" id=\"ak_js_1\" name=\"_wpcf7_ak_js\" value=\"94\"\/><script>document.getElementById( \"ak_js_1\" ).setAttribute( \"value\", ( new Date() ).getTime() );<\/script><\/p><div class=\"wpcf7-response-output\" aria-hidden=\"true\"><\/div>\n<\/form>\n<\/div>\n<div class=\"wpb_text_column\"><div class=\"wpb_wrapper\"><p>Dette nettstedet er beskyttet av reCAPTCHA og Google <a href=\"https:\/\/policies.google.com\/privacy\">Personvernregler<\/a> og <a href=\"https:\/\/policies.google.com\/terms\">Vilk\u00e5r for bruk<\/a> gjelder.<\/p>\n<\/div><\/div>[vc_raw_js]JTNDc2NyaXB0JTNFJTBBZG9jdW1lbnQuYWRkRXZlbnRMaXN0ZW5lciUyOCUyMCUyN3dwY2Y3bWFpbHNlbnQlMjclMkMlMjBmdW5jdGlvbiUyOCUyMGV2ZW50JTIwJTI5JTIwJTdCJTBBJTIwJTIwbG9jYXRpb24lMjAlM0QlMjAlMjdodHRwcyUzQSUyRiUyRmhpZ2hjb21wLm5vJTJGdGhhbmsteW91JTJGJTI3JTNCJTBBJTdEJTJDJTIwZmFsc2UlMjAlMjklM0IlMEElM0MlMkZzY3JpcHQlM0U=[\/vc_raw_js]<\/div><\/div><\/div><\/div><\/div><\/section><section class=\"l-section wpb_row us_custom_b08d8723 height_medium\"><div class=\"l-section-h i-cf\"><div class=\"g-cols vc_row via_flex valign_top type_default stacking_default\"><div class=\"vc_col-sm-12 wpb_column vc_column_container\"><div class=\"vc_column-inner\"><div class=\"wpb_wrapper\"><div class=\"g-cols wpb_row us_custom_6b784548 via_flex valign_middle type_default stacking_default\" style=\"--additional-gap:5px;\"><div class=\"vc_col-sm-3 wpb_column vc_column_container has_bg_color\"><div class=\"vc_column-inner us_custom_b9f20944\"><div class=\"wpb_wrapper\"><div class=\"w-image us_custom_f2052e45 aligncenter style_circle has_height align_center\"><div class=\"w-image-h\"><img decoding=\"async\" width=\"279\" height=\"300\" src=\"https:\/\/highcomp.no\/wp-content\/uploads\/2021\/12\/IK_8835-2-Edit-scaled-e1638878440800-279x300.jpg\" class=\"attachment-medium size-medium\" alt=\"Fredrik Faye\" loading=\"lazy\" srcset=\"https:\/\/highcomp.no\/wp-content\/uploads\/2021\/12\/IK_8835-2-Edit-scaled-e1638878440800-279x300.jpg 279w, https:\/\/highcomp.no\/wp-content\/uploads\/2021\/12\/IK_8835-2-Edit-scaled-e1638878440800-952x1024.jpg 952w, https:\/\/highcomp.no\/wp-content\/uploads\/2021\/12\/IK_8835-2-Edit-scaled-e1638878440800-150x161.jpg 150w, https:\/\/highcomp.no\/wp-content\/uploads\/2021\/12\/IK_8835-2-Edit-scaled-e1638878440800-186x200.jpg 186w, https:\/\/highcomp.no\/wp-content\/uploads\/2021\/12\/IK_8835-2-Edit-scaled-e1638878440800-167x180.jpg 167w, https:\/\/highcomp.no\/wp-content\/uploads\/2021\/12\/IK_8835-2-Edit-scaled-e1638878440800-232x250.jpg 232w, https:\/\/highcomp.no\/wp-content\/uploads\/2021\/12\/IK_8835-2-Edit-scaled-e1638878440800-744x800.jpg 744w, https:\/\/highcomp.no\/wp-content\/uploads\/2021\/12\/IK_8835-2-Edit-scaled-e1638878440800-45x48.jpg 45w, https:\/\/highcomp.no\/wp-content\/uploads\/2021\/12\/IK_8835-2-Edit-scaled-e1638878440800.jpg 1707w\" sizes=\"auto, (max-width: 279px) 100vw, 279px\" \/><\/div><\/div><div id=\"ultimate-heading-952469dcefe2bc98c\" class=\"uvc-heading ult-adjust-bottom-margin ultimate-heading-952469dcefe2bc98c uvc-7135 \" data-hspacer=\"no_spacer\"  data-halign=\"center\" style=\"text-align:center\"><div class=\"uvc-heading-spacer no_spacer\" style=\"top\"><\/div><div class=\"uvc-main-heading ult-responsive\"  data-ultimate-target='.uvc-heading.ultimate-heading-952469dcefe2bc98c h3'  data-responsive-json-new='{\"font-size\":\"desktop:18px;\",\"line-height\":\"desktop:36px;\"}' ><h3 style=\"font-weight:bold;color:#ffffff;margin-top:20px;\">Fredrik Faye<\/h3><\/div><div class=\"uvc-sub-heading ult-responsive\"  data-ultimate-target='.uvc-heading.ultimate-heading-952469dcefe2bc98c .uvc-sub-heading '  data-responsive-json-new='{\"font-size\":\"desktop:18px;\",\"line-height\":\"\"}'  style=\"font-weight:normal;color:rgba(255,255,255,0.75);margin-bottom:20px;\">VP Sales<\/div><\/div><div class=\"wpb_text_column us_custom_4621708f linker\"><div class=\"wpb_wrapper\"><p><a href=\"tel:+47 922 70 796\">+47 922 70 796<\/a><br \/>\n<a href=\"mailto:ffa@csub.com\">ffa@csub.com<\/a><\/p>\n<\/div><\/div><\/div><\/div><\/div><div class=\"vc_col-sm-3 wpb_column vc_column_container has_bg_color\"><div class=\"vc_column-inner us_custom_b9f20944\"><div class=\"wpb_wrapper\"><div class=\"w-image us_custom_f2052e45 aligncenter style_circle has_height align_center\"><div class=\"w-image-h\"><img decoding=\"async\" width=\"296\" height=\"300\" src=\"https:\/\/highcomp.no\/wp-content\/uploads\/2021\/12\/IK_8847-Edit-scaled-e1638878462553-296x300.jpg\" class=\"attachment-medium size-medium\" alt=\"\" loading=\"lazy\" srcset=\"https:\/\/highcomp.no\/wp-content\/uploads\/2021\/12\/IK_8847-Edit-scaled-e1638878462553-296x300.jpg 296w, https:\/\/highcomp.no\/wp-content\/uploads\/2021\/12\/IK_8847-Edit-scaled-e1638878462553-1011x1024.jpg 1011w, https:\/\/highcomp.no\/wp-content\/uploads\/2021\/12\/IK_8847-Edit-scaled-e1638878462553-150x152.jpg 150w, https:\/\/highcomp.no\/wp-content\/uploads\/2021\/12\/IK_8847-Edit-scaled-e1638878462553-197x200.jpg 197w, https:\/\/highcomp.no\/wp-content\/uploads\/2021\/12\/IK_8847-Edit-scaled-e1638878462553-178x180.jpg 178w, https:\/\/highcomp.no\/wp-content\/uploads\/2021\/12\/IK_8847-Edit-scaled-e1638878462553-247x250.jpg 247w, https:\/\/highcomp.no\/wp-content\/uploads\/2021\/12\/IK_8847-Edit-scaled-e1638878462553-790x800.jpg 790w, https:\/\/highcomp.no\/wp-content\/uploads\/2021\/12\/IK_8847-Edit-scaled-e1638878462553-47x48.jpg 47w, https:\/\/highcomp.no\/wp-content\/uploads\/2021\/12\/IK_8847-Edit-scaled-e1638878462553.jpg 1706w\" sizes=\"auto, (max-width: 296px) 100vw, 296px\" \/><\/div><\/div><div id=\"ultimate-heading-419769dcefe2bf215\" class=\"uvc-heading ult-adjust-bottom-margin ultimate-heading-419769dcefe2bf215 uvc-1421 \" data-hspacer=\"no_spacer\"  data-halign=\"center\" style=\"text-align:center\"><div class=\"uvc-heading-spacer no_spacer\" style=\"top\"><\/div><div class=\"uvc-main-heading ult-responsive\"  data-ultimate-target='.uvc-heading.ultimate-heading-419769dcefe2bf215 h3'  data-responsive-json-new='{\"font-size\":\"desktop:18px;\",\"line-height\":\"desktop:36px;\"}' ><h3 style=\"font-weight:bold;color:#ffffff;margin-top:20px;\">Helge Rasmussen<\/h3><\/div><div class=\"uvc-sub-heading ult-responsive\"  data-ultimate-target='.uvc-heading.ultimate-heading-419769dcefe2bf215 .uvc-sub-heading '  data-responsive-json-new='{\"font-size\":\"desktop:18px;\",\"line-height\":\"\"}'  style=\"font-weight:normal;color:rgba(255,255,255,0.75);margin-bottom:20px;\">Business Developer<\/div><\/div><div class=\"wpb_text_column us_custom_4621708f linker\"><div class=\"wpb_wrapper\"><p><a href=\"tel:+47 906 47 076\">+47 906 47 076<\/a><br \/>\n<a href=\"mailto:hra@csub.com\">hra@csub.com<\/a><\/p>\n<\/div><\/div><\/div><\/div><\/div><div class=\"vc_col-sm-3 wpb_column vc_column_container\"><div class=\"vc_column-inner\"><div class=\"wpb_wrapper\"><\/div><\/div><\/div><div class=\"vc_col-sm-3 wpb_column vc_column_container\"><div class=\"vc_column-inner\"><div class=\"wpb_wrapper\"><\/div><\/div><\/div><\/div><\/div><\/div><\/div><\/div><\/div><\/section>\n","protected":false},"excerpt":{"rendered":"[vc_custom_heading text=\"Kontakt oss\" font_container=\"tag:h1|text_align:left\" use_theme_fonts=\"yes\"]Epost: ffa@csub.com +47 922 70 796 Hovedkontor: Sundgata 119, 5527 Haugesund, Norge Full name Email Company Phone Message Your browser does not support JavaScript!. Please enable javascript in your browser in order to get form work properly. &#916; Dette nettstedet er beskyttet av reCAPTCHA og Google Personvernregler og Vilk\u00e5r for bruk...","protected":false},"author":1,"featured_media":0,"parent":0,"menu_order":0,"comment_status":"closed","ping_status":"closed","template":"","meta":{"footnotes":""},"class_list":["post-1014","page","type-page","status-publish","hentry"],"yoast_head":"<!-- This site is optimized with the Yoast SEO plugin v26.9 - https:\/\/yoast.com\/product\/yoast-seo-wordpress\/ -->\n<title>Kontakt - Leverand\u00f8r av Kompositt-konstruksjoner - HighComp<\/title>\n<meta name=\"description\" content=\"Kontakt v\u00e5rt hovedkontor og la oss se hvordan vi kan hjelpe deg med produksjon av h\u00f8ykvalitets fiskeoppdrettutstyr.\" \/>\n<meta name=\"robots\" content=\"index, follow, max-snippet:-1, max-image-preview:large, max-video-preview:-1\" \/>\n<link rel=\"canonical\" href=\"https:\/\/highcomp.no\/no\/kontakt\/\" \/>\n<meta property=\"og:locale\" content=\"nb_NO\" \/>\n<meta property=\"og:type\" content=\"article\" \/>\n<meta property=\"og:title\" content=\"Kontakt - Leverand\u00f8r av Kompositt-konstruksjoner - HighComp\" \/>\n<meta property=\"og:description\" content=\"Kontakt v\u00e5rt hovedkontor og la oss se hvordan vi kan hjelpe deg med produksjon av h\u00f8ykvalitets fiskeoppdrettutstyr.\" \/>\n<meta property=\"og:url\" content=\"https:\/\/highcomp.no\/no\/kontakt\/\" \/>\n<meta property=\"og:site_name\" content=\"HighComp\" \/>\n<meta property=\"article:publisher\" content=\"https:\/\/www.facebook.com\/HighComp\" \/>\n<meta property=\"article:modified_time\" content=\"2024-10-06T10:37:06+00:00\" \/>\n<meta name=\"twitter:card\" content=\"summary_large_image\" \/>\n<meta name=\"twitter:label1\" content=\"Ansl. lesetid\" \/>\n\t<meta name=\"twitter:data1\" content=\"1 minutt\" \/>\n<script type=\"application\/ld+json\" class=\"yoast-schema-graph\">{\"@context\":\"https:\/\/schema.org\",\"@graph\":[{\"@type\":\"WebPage\",\"@id\":\"https:\/\/highcomp.no\/no\/kontakt\/\",\"url\":\"https:\/\/highcomp.no\/no\/kontakt\/\",\"name\":\"Kontakt - Leverand\u00f8r av Kompositt-konstruksjoner - HighComp\",\"isPartOf\":{\"@id\":\"https:\/\/highcomp.no\/no\/#website\"},\"datePublished\":\"2021-03-18T08:59:48+00:00\",\"dateModified\":\"2024-10-06T10:37:06+00:00\",\"description\":\"Kontakt v\u00e5rt hovedkontor og la oss se hvordan vi kan hjelpe deg med produksjon av h\u00f8ykvalitets fiskeoppdrettutstyr.\",\"breadcrumb\":{\"@id\":\"https:\/\/highcomp.no\/no\/kontakt\/#breadcrumb\"},\"inLanguage\":\"nb-NO\",\"potentialAction\":[{\"@type\":\"ReadAction\",\"target\":[\"https:\/\/highcomp.no\/no\/kontakt\/\"]}]},{\"@type\":\"BreadcrumbList\",\"@id\":\"https:\/\/highcomp.no\/no\/kontakt\/#breadcrumb\",\"itemListElement\":[{\"@type\":\"ListItem\",\"position\":1,\"name\":\"Home\",\"item\":\"https:\/\/highcomp.no\/no\/\"},{\"@type\":\"ListItem\",\"position\":2,\"name\":\"Kontakt\"}]},{\"@type\":\"WebSite\",\"@id\":\"https:\/\/highcomp.no\/no\/#website\",\"url\":\"https:\/\/highcomp.no\/no\/\",\"name\":\"Highcomp - A Csub Company\",\"description\":\"Leverand\u00f8r av fiskeoppdrettstanker og kompositt-konstruksjoner for Akvakultur industrien\",\"publisher\":{\"@id\":\"https:\/\/highcomp.no\/no\/#organization\"},\"potentialAction\":[{\"@type\":\"SearchAction\",\"target\":{\"@type\":\"EntryPoint\",\"urlTemplate\":\"https:\/\/highcomp.no\/no\/?s={search_term_string}\"},\"query-input\":{\"@type\":\"PropertyValueSpecification\",\"valueRequired\":true,\"valueName\":\"search_term_string\"}}],\"inLanguage\":\"nb-NO\"},{\"@type\":\"Organization\",\"@id\":\"https:\/\/highcomp.no\/no\/#organization\",\"name\":\"Highcomp AS\",\"url\":\"https:\/\/highcomp.no\/no\/\",\"logo\":{\"@type\":\"ImageObject\",\"inLanguage\":\"nb-NO\",\"@id\":\"https:\/\/highcomp.no\/no\/#\/schema\/logo\/image\/\",\"url\":\"https:\/\/highcomp.no\/wp-content\/uploads\/2021\/03\/5eb90121a8c2cba644200473_HighcompLogoNy-1.png\",\"contentUrl\":\"https:\/\/highcomp.no\/wp-content\/uploads\/2021\/03\/5eb90121a8c2cba644200473_HighcompLogoNy-1.png\",\"width\":455,\"height\":87,\"caption\":\"Highcomp AS\"},\"image\":{\"@id\":\"https:\/\/highcomp.no\/no\/#\/schema\/logo\/image\/\"},\"sameAs\":[\"https:\/\/www.facebook.com\/HighComp\",\"https:\/\/www.linkedin.com\/company\/highcomp-as\/\",\"https:\/\/www.youtube.com\/channel\/UCh9hOR8kmRD7aDSUPG0_pKQ\",\"https:\/\/no.wikipedia.org\/wiki\/Highcomp\"]}]}<\/script>\n<!-- \/ Yoast SEO plugin. -->","yoast_head_json":{"title":"Kontakt - Leverand\u00f8r av Kompositt-konstruksjoner - HighComp","description":"Kontakt v\u00e5rt hovedkontor og la oss se hvordan vi kan hjelpe deg med produksjon av h\u00f8ykvalitets fiskeoppdrettutstyr.","robots":{"index":"index","follow":"follow","max-snippet":"max-snippet:-1","max-image-preview":"max-image-preview:large","max-video-preview":"max-video-preview:-1"},"canonical":"https:\/\/highcomp.no\/no\/kontakt\/","og_locale":"nb_NO","og_type":"article","og_title":"Kontakt - Leverand\u00f8r av Kompositt-konstruksjoner - HighComp","og_description":"Kontakt v\u00e5rt hovedkontor og la oss se hvordan vi kan hjelpe deg med produksjon av h\u00f8ykvalitets fiskeoppdrettutstyr.","og_url":"https:\/\/highcomp.no\/no\/kontakt\/","og_site_name":"HighComp","article_publisher":"https:\/\/www.facebook.com\/HighComp","article_modified_time":"2024-10-06T10:37:06+00:00","twitter_card":"summary_large_image","twitter_misc":{"Ansl. lesetid":"1 minutt"},"schema":{"@context":"https:\/\/schema.org","@graph":[{"@type":"WebPage","@id":"https:\/\/highcomp.no\/no\/kontakt\/","url":"https:\/\/highcomp.no\/no\/kontakt\/","name":"Kontakt - Leverand\u00f8r av Kompositt-konstruksjoner - HighComp","isPartOf":{"@id":"https:\/\/highcomp.no\/no\/#website"},"datePublished":"2021-03-18T08:59:48+00:00","dateModified":"2024-10-06T10:37:06+00:00","description":"Kontakt v\u00e5rt hovedkontor og la oss se hvordan vi kan hjelpe deg med produksjon av h\u00f8ykvalitets fiskeoppdrettutstyr.","breadcrumb":{"@id":"https:\/\/highcomp.no\/no\/kontakt\/#breadcrumb"},"inLanguage":"nb-NO","potentialAction":[{"@type":"ReadAction","target":["https:\/\/highcomp.no\/no\/kontakt\/"]}]},{"@type":"BreadcrumbList","@id":"https:\/\/highcomp.no\/no\/kontakt\/#breadcrumb","itemListElement":[{"@type":"ListItem","position":1,"name":"Home","item":"https:\/\/highcomp.no\/no\/"},{"@type":"ListItem","position":2,"name":"Kontakt"}]},{"@type":"WebSite","@id":"https:\/\/highcomp.no\/no\/#website","url":"https:\/\/highcomp.no\/no\/","name":"Highcomp - A Csub Company","description":"Leverand\u00f8r av fiskeoppdrettstanker og kompositt-konstruksjoner for Akvakultur industrien","publisher":{"@id":"https:\/\/highcomp.no\/no\/#organization"},"potentialAction":[{"@type":"SearchAction","target":{"@type":"EntryPoint","urlTemplate":"https:\/\/highcomp.no\/no\/?s={search_term_string}"},"query-input":{"@type":"PropertyValueSpecification","valueRequired":true,"valueName":"search_term_string"}}],"inLanguage":"nb-NO"},{"@type":"Organization","@id":"https:\/\/highcomp.no\/no\/#organization","name":"Highcomp AS","url":"https:\/\/highcomp.no\/no\/","logo":{"@type":"ImageObject","inLanguage":"nb-NO","@id":"https:\/\/highcomp.no\/no\/#\/schema\/logo\/image\/","url":"https:\/\/highcomp.no\/wp-content\/uploads\/2021\/03\/5eb90121a8c2cba644200473_HighcompLogoNy-1.png","contentUrl":"https:\/\/highcomp.no\/wp-content\/uploads\/2021\/03\/5eb90121a8c2cba644200473_HighcompLogoNy-1.png","width":455,"height":87,"caption":"Highcomp AS"},"image":{"@id":"https:\/\/highcomp.no\/no\/#\/schema\/logo\/image\/"},"sameAs":["https:\/\/www.facebook.com\/HighComp","https:\/\/www.linkedin.com\/company\/highcomp-as\/","https:\/\/www.youtube.com\/channel\/UCh9hOR8kmRD7aDSUPG0_pKQ","https:\/\/no.wikipedia.org\/wiki\/Highcomp"]}]}},"_links":{"self":[{"href":"https:\/\/highcomp.no\/no\/wp-json\/wp\/v2\/pages\/1014","targetHints":{"allow":["GET"]}}],"collection":[{"href":"https:\/\/highcomp.no\/no\/wp-json\/wp\/v2\/pages"}],"about":[{"href":"https:\/\/highcomp.no\/no\/wp-json\/wp\/v2\/types\/page"}],"author":[{"embeddable":true,"href":"https:\/\/highcomp.no\/no\/wp-json\/wp\/v2\/users\/1"}],"replies":[{"embeddable":true,"href":"https:\/\/highcomp.no\/no\/wp-json\/wp\/v2\/comments?post=1014"}],"version-history":[{"count":27,"href":"https:\/\/highcomp.no\/no\/wp-json\/wp\/v2\/pages\/1014\/revisions"}],"predecessor-version":[{"id":3688,"href":"https:\/\/highcomp.no\/no\/wp-json\/wp\/v2\/pages\/1014\/revisions\/3688"}],"wp:attachment":[{"href":"https:\/\/highcomp.no\/no\/wp-json\/wp\/v2\/media?parent=1014"}],"curies":[{"name":"wp","href":"https:\/\/api.w.org\/{rel}","templated":true}]}}